{"id":1206,"date":"2023-02-02T12:37:02","date_gmt":"2023-02-02T12:37:02","guid":{"rendered":"https:\/\/lapalmaoutdoor.com\/solicitud-actividad\/"},"modified":"2023-07-03T11:52:42","modified_gmt":"2023-07-03T11:52:42","slug":"activity-request","status":"publish","type":"page","link":"https:\/\/lapalmaoutdoor.com\/en\/activity-request\/","title":{"rendered":"Activity request"},"content":{"rendered":"<h4>If you want to do one of our Tours and find that the quota is full or it takes place on a day that does not suit your needs, we invite you to fill out the following form, indicating your needs. As soon as possible, our team of professionals will contact you to offer you a solution that meets your needs.<\/h4>\n<p>&nbsp;<\/p>\n<p class=\"wpcf7-contact-form-not-found\"><strong>Error:<\/strong> Contact form not found.<\/p>\n<p><strong>\n<div class=\"argpd-informar\">\n\t<p class=\"argpd-informar-title\">Informaci\u00f3n b\u00e1sica sobre protecci\u00f3n de datos <span class=\"argpd-mas\">Ver m\u00e1s<\/span><\/p>\n\t<ul>\n\t\t<li>\n\t\t\t<b>Responsable:<\/b>&nbsp;ENRIQUE VI\u00d1A P\u00c9REZ.\n\t\t<\/li>\n\t\t<li><b>Finalidad:<\/b>&nbsp;\n\t\t\t\n\t\t\t\t\n\t\t\t\t\n\t\t<\/li>\n\t\t<li><b>Legitimaci\u00f3n:<\/b>&nbsp;\n\t\t\t\n\t\t\t\tPor consentimiento del interesado.<\/li>\n\n\t\t<li><b>Destinatarios y encargados de tratamiento:<\/b>&nbsp;\n\n\t\t\t\tNo se ceden o comunican datos a terceros para prestar este servicio.\n\t\t\t\t\tEl Titular ha contratado los servicios de alojamiento web a Arsys que act\u00faa como encargado de tratamiento.\n\t\t<\/li>\n\t\t<li>\n\t\t\t<b>Derechos:<\/b>&nbsp;Acceder, rectificar y suprimir los datos.\n\t\t<\/li>\n\t\t<li>\n\t\t\t<b>Informaci\u00f3n Adicional:<\/b>&nbsp;Puede consultar la informaci\u00f3n detallada en la <a target=\"_noblank\" href=\"https:\/\/lapalmaoutdoor.com\/politica-de-privacidad\/\">Pol\u00edtica de Privacidad<\/a>.<\/li>\n\t<\/ul>\n<\/div>\n<\/strong><\/p>\n","protected":false},"excerpt":{"rendered":"<p>If you want to do one of our Tours and find that the quota is full or it takes place on a day that does not suit your needs, we invite you to fill out the following form, indicating your needs. As soon as possible, our team of professionals will contact you to offer you [&hellip;]<\/p>\n","protected":false},"author":1,"featured_media":0,"parent":0,"menu_order":0,"comment_status":"closed","ping_status":"closed","template":"","meta":{"footnotes":""},"class_list":["post-1206","page","type-page","status-publish","hentry"],"rttpg_featured_image_url":null,"rttpg_author":{"display_name":"La Palma Outdoor","author_link":"https:\/\/lapalmaoutdoor.com\/en\/author\/isa\/"},"rttpg_comment":0,"rttpg_category":" <a href=\"https:\/\/lapalmaoutdoor.com\/en\/?taxonomy=translation_priority&#038;term=optional\" rel=\"tag\">Optional<\/a>","rttpg_excerpt":"If you want to do one of our Tours and find that the quota is full or it takes place on a day that does not suit your needs, we invite you to fill out the following form, indicating your needs. As soon as possible, our team of professionals will contact you to offer you&hellip;","_links":{"self":[{"href":"https:\/\/lapalmaoutdoor.com\/en\/wp-json\/wp\/v2\/pages\/1206","targetHints":{"allow":["GET"]}}],"collection":[{"href":"https:\/\/lapalmaoutdoor.com\/en\/wp-json\/wp\/v2\/pages"}],"about":[{"href":"https:\/\/lapalmaoutdoor.com\/en\/wp-json\/wp\/v2\/types\/page"}],"author":[{"embeddable":true,"href":"https:\/\/lapalmaoutdoor.com\/en\/wp-json\/wp\/v2\/users\/1"}],"replies":[{"embeddable":true,"href":"https:\/\/lapalmaoutdoor.com\/en\/wp-json\/wp\/v2\/comments?post=1206"}],"version-history":[{"count":2,"href":"https:\/\/lapalmaoutdoor.com\/en\/wp-json\/wp\/v2\/pages\/1206\/revisions"}],"predecessor-version":[{"id":1210,"href":"https:\/\/lapalmaoutdoor.com\/en\/wp-json\/wp\/v2\/pages\/1206\/revisions\/1210"}],"wp:attachment":[{"href":"https:\/\/lapalmaoutdoor.com\/en\/wp-json\/wp\/v2\/media?parent=1206"}],"curies":[{"name":"wp","href":"https:\/\/api.w.org\/{rel}","templated":true}]}}