{"id":870,"date":"2023-03-16T13:33:02","date_gmt":"2023-03-16T13:33:02","guid":{"rendered":"https:\/\/lapalmaoutdoor.com\/gracias\/"},"modified":"2026-01-13T14:19:04","modified_gmt":"2026-01-13T14:19:04","slug":"gracias","status":"publish","type":"page","link":"https:\/\/lapalmaoutdoor.com\/de\/gracias\/","title":{"rendered":"VIELEN DANK"},"content":{"rendered":"<div class=\"wpb-content-wrapper\"><div class=\"vc_row wpb_row section vc_row-fluid \">\n<div class=\" full_section_inner clearfix\">\n<div class=\"wpb_column vc_column_container vc_col-sm-12\">\n<div class=\"vc_column-inner\">\n<div class=\"wpb_wrapper\">\n<div class=\"wpb_text_column wpb_content_element \">\n<div class=\"wpb_wrapper\">\n<p>Vielen Dank, dass Sie Ihre Tour bei La Palma Outdoor gemietet haben. Sie erhalten dann Ihr Ticket per E-Mail. Wenn Sie es nicht erhalten, \u00fcberpr\u00fcfen Sie Ihren Spam-Ordner.<\/p>\n<p>Sie k\u00f6nnen Ihre Reservierung bis zu einem Tag vor Abfahrt \u00e4ndern oder stornieren, obwohl bei einigen Touren die Bedingungen variieren k\u00f6nnen, \u00fcberpr\u00fcfen Sie Ihr Ticket in Ihrer E-Mail und die Stornierungsbedingungen.<\/p>\n<\/div>\n<\/div>\n<\/div>\n<\/div>\n<\/div>\n<\/div>\n<\/div>\n<\/div>","protected":false},"excerpt":{"rendered":"<p>Vielen Dank, dass Sie Ihre Tour bei La Palma Outdoor gemietet haben. Sie erhalten dann Ihr Ticket per E-Mail. Wenn Sie es nicht erhalten, \u00fcberpr\u00fcfen Sie Ihren Spam-Ordner. Sie k\u00f6nnen Ihre Reservierung bis zu einem Tag vor Abfahrt \u00e4ndern oder stornieren, obwohl bei einigen Touren die Bedingungen variieren k\u00f6nnen, \u00fcberpr\u00fcfen Sie Ihr Ticket in Ihrer [&hellip;]<\/p>\n","protected":false},"author":1,"featured_media":0,"parent":0,"menu_order":0,"comment_status":"closed","ping_status":"closed","template":"","meta":{"footnotes":""},"class_list":["post-870","page","type-page","status-publish","hentry"],"rttpg_featured_image_url":null,"rttpg_author":{"display_name":"La Palma Outdoor","author_link":"https:\/\/lapalmaoutdoor.com\/de\/author\/isa\/"},"rttpg_comment":0,"rttpg_category":" <a href=\"https:\/\/lapalmaoutdoor.com\/de\/?taxonomy=translation_priority&#038;term=optional-de\" rel=\"tag\">Optional<\/a>","rttpg_excerpt":"Vielen Dank, dass Sie Ihre Tour bei La Palma Outdoor gemietet haben. Sie erhalten dann Ihr Ticket per E-Mail. Wenn Sie es nicht erhalten, \u00fcberpr\u00fcfen Sie Ihren Spam-Ordner. Sie k\u00f6nnen Ihre Reservierung bis zu einem Tag vor Abfahrt \u00e4ndern oder stornieren, obwohl bei einigen Touren die Bedingungen variieren k\u00f6nnen, \u00fcberpr\u00fcfen Sie Ihr Ticket in Ihrer&hellip;","_links":{"self":[{"href":"https:\/\/lapalmaoutdoor.com\/de\/wp-json\/wp\/v2\/pages\/870","targetHints":{"allow":["GET"]}}],"collection":[{"href":"https:\/\/lapalmaoutdoor.com\/de\/wp-json\/wp\/v2\/pages"}],"about":[{"href":"https:\/\/lapalmaoutdoor.com\/de\/wp-json\/wp\/v2\/types\/page"}],"author":[{"embeddable":true,"href":"https:\/\/lapalmaoutdoor.com\/de\/wp-json\/wp\/v2\/users\/1"}],"replies":[{"embeddable":true,"href":"https:\/\/lapalmaoutdoor.com\/de\/wp-json\/wp\/v2\/comments?post=870"}],"version-history":[{"count":2,"href":"https:\/\/lapalmaoutdoor.com\/de\/wp-json\/wp\/v2\/pages\/870\/revisions"}],"predecessor-version":[{"id":872,"href":"https:\/\/lapalmaoutdoor.com\/de\/wp-json\/wp\/v2\/pages\/870\/revisions\/872"}],"wp:attachment":[{"href":"https:\/\/lapalmaoutdoor.com\/de\/wp-json\/wp\/v2\/media?parent=870"}],"curies":[{"name":"wp","href":"https:\/\/api.w.org\/{rel}","templated":true}]}}