{"id":594,"date":"2022-08-18T08:52:51","date_gmt":"2022-08-18T08:52:51","guid":{"rendered":"https:\/\/lapalmaoutdoor.com\/descubre-la-palma\/"},"modified":"2022-12-14T12:26:28","modified_gmt":"2022-12-14T12:26:28","slug":"entdecken-sie-lapalma","status":"publish","type":"page","link":"https:\/\/lapalmaoutdoor.com\/de\/entdecken-sie-lapalma\/","title":{"rendered":"Entdecken Sie LaPalma"},"content":{"rendered":"<p>La Palma, auch bekannt als \u201eisla bonita\u201c (\u201esch\u00f6ne Insel\u201c), zeichnet sich durch ihre landschaftliche Vielfalt voller Kontraste aus: von tropischen Lorbeerw\u00e4ldern, ausgedehnten Lavalandschaften,\u00a0gem\u00fctlichen schwarzen Sandstr\u00e4nden, nat\u00fcrlichen Pools mit kristallklarem Wasser und einem Himmel, der ideal ist f\u00fcr Sternenbeobachtungen. Diese Vielfalt wird alle Ihre Sinne ber\u00fchren.<\/p>\n<p>Lernen Sie La Palma kennen:<\/p>\n<p>Durch\u00a0<strong>Wanderungen<\/strong>\u00a0f\u00fcr Gruppen.<\/p>\n<p><img loading=\"lazy\" decoding=\"async\" class=\"aligncenter size-full wp-image-662\" src=\"https:\/\/lapalmaoutdoor.com\/wp-content\/uploads\/2022\/11\/senderismo-lapalmaoutdoor-canarias.jpg\" alt=\"\" width=\"1350\" height=\"600\" title=\"\" srcset=\"https:\/\/lapalmaoutdoor.com\/wp-content\/uploads\/2022\/11\/senderismo-lapalmaoutdoor-canarias.jpg 1350w, https:\/\/lapalmaoutdoor.com\/wp-content\/uploads\/2022\/11\/senderismo-lapalmaoutdoor-canarias-300x133.jpg 300w, https:\/\/lapalmaoutdoor.com\/wp-content\/uploads\/2022\/11\/senderismo-lapalmaoutdoor-canarias-1024x455.jpg 1024w, https:\/\/lapalmaoutdoor.com\/wp-content\/uploads\/2022\/11\/senderismo-lapalmaoutdoor-canarias-768x341.jpg 768w, https:\/\/lapalmaoutdoor.com\/wp-content\/uploads\/2022\/11\/senderismo-lapalmaoutdoor-canarias-600x267.jpg 600w\" sizes=\"auto, (max-width: 1350px) 100vw, 1350px\" \/><\/p>\n<p>Vom\u00a0<strong>Fahrrad<\/strong>\u00a0mit Etappen f\u00fcr alle Schwierigkeitsgrade mit Guide oder alleine, mit GPS-Verleih, mit normalem MTB oder E-Bike und genie\u00dfen Sie das erste Netz elektrischer Ladestationen der kanarischen Inseln.<\/p>\n<p>&nbsp;<\/p>\n<p><img loading=\"lazy\" decoding=\"async\" class=\"aligncenter size-full wp-image-713\" src=\"https:\/\/lapalmaoutdoor.com\/wp-content\/uploads\/2022\/11\/btt-lapalma.jpg\" alt=\"\" width=\"800\" height=\"800\" title=\"\" srcset=\"https:\/\/lapalmaoutdoor.com\/wp-content\/uploads\/2022\/11\/btt-lapalma.jpg 800w, https:\/\/lapalmaoutdoor.com\/wp-content\/uploads\/2022\/11\/btt-lapalma-300x300.jpg 300w, https:\/\/lapalmaoutdoor.com\/wp-content\/uploads\/2022\/11\/btt-lapalma-768x768.jpg 768w, https:\/\/lapalmaoutdoor.com\/wp-content\/uploads\/2022\/11\/btt-lapalma-600x600.jpg 600w, https:\/\/lapalmaoutdoor.com\/wp-content\/uploads\/2022\/11\/btt-lapalma-100x100.jpg 100w\" sizes=\"auto, (max-width: 800px) 100vw, 800px\" \/><\/p>\n<p>&nbsp;<\/p>\n<p>Indem Sie das Innere der Erde in einer der zahlreichen\u00a0<strong>Vulkanr\u00f6hren\u00a0<\/strong>kennenlernen.<\/p>\n<p><img loading=\"lazy\" decoding=\"async\" class=\"aligncenter size-full wp-image-716\" src=\"https:\/\/lapalmaoutdoor.com\/wp-content\/uploads\/2022\/11\/cuevadelaspalomas-lapalma.jpg\" alt=\"\" width=\"800\" height=\"800\" title=\"\" srcset=\"https:\/\/lapalmaoutdoor.com\/wp-content\/uploads\/2022\/11\/cuevadelaspalomas-lapalma.jpg 800w, https:\/\/lapalmaoutdoor.com\/wp-content\/uploads\/2022\/11\/cuevadelaspalomas-lapalma-300x300.jpg 300w, https:\/\/lapalmaoutdoor.com\/wp-content\/uploads\/2022\/11\/cuevadelaspalomas-lapalma-768x768.jpg 768w, https:\/\/lapalmaoutdoor.com\/wp-content\/uploads\/2022\/11\/cuevadelaspalomas-lapalma-600x600.jpg 600w, https:\/\/lapalmaoutdoor.com\/wp-content\/uploads\/2022\/11\/cuevadelaspalomas-lapalma-100x100.jpg 100w\" sizes=\"auto, (max-width: 800px) 100vw, 800px\" \/><\/p>\n<p>&nbsp;<\/p>\n<p>Von der K\u00fcste aus in einem\u00a0<strong>Kayak<\/strong><a href=\"https:\/\/lapalmaoutdoor.com\/rutas-guiadas\/kayak\/\">\u00a0<\/a>oder bei einem\u00a0<strong>Bootsauflug<\/strong>\u00a0mit Wal- und Delfinsichtungen.<\/p>\n<p><img loading=\"lazy\" decoding=\"async\" class=\"aligncenter size-full wp-image-710\" src=\"https:\/\/lapalmaoutdoor.com\/wp-content\/uploads\/2022\/11\/kayak-lapalma.jpg\" alt=\"\" width=\"2048\" height=\"1367\" title=\"\" srcset=\"https:\/\/lapalmaoutdoor.com\/wp-content\/uploads\/2022\/11\/kayak-lapalma.jpg 2048w, https:\/\/lapalmaoutdoor.com\/wp-content\/uploads\/2022\/11\/kayak-lapalma-300x200.jpg 300w, https:\/\/lapalmaoutdoor.com\/wp-content\/uploads\/2022\/11\/kayak-lapalma-1024x684.jpg 1024w, https:\/\/lapalmaoutdoor.com\/wp-content\/uploads\/2022\/11\/kayak-lapalma-768x513.jpg 768w, https:\/\/lapalmaoutdoor.com\/wp-content\/uploads\/2022\/11\/kayak-lapalma-1536x1025.jpg 1536w, https:\/\/lapalmaoutdoor.com\/wp-content\/uploads\/2022\/11\/kayak-lapalma-600x400.jpg 600w\" sizes=\"auto, (max-width: 2048px) 100vw, 2048px\" \/><\/p>\n<p>Mit Karte und Kompass und\u00a0<strong>Orientierungsaufgaben<\/strong>\u00a0f\u00fcr Gruppen.<\/p>\n<p><img loading=\"lazy\" decoding=\"async\" class=\"aligncenter size-full wp-image-707\" src=\"https:\/\/lapalmaoutdoor.com\/wp-content\/uploads\/2022\/11\/btt.jpg\" alt=\"\" width=\"2048\" height=\"1365\" title=\"\" srcset=\"https:\/\/lapalmaoutdoor.com\/wp-content\/uploads\/2022\/11\/btt.jpg 2048w, https:\/\/lapalmaoutdoor.com\/wp-content\/uploads\/2022\/11\/btt-300x200.jpg 300w, https:\/\/lapalmaoutdoor.com\/wp-content\/uploads\/2022\/11\/btt-1024x683.jpg 1024w, https:\/\/lapalmaoutdoor.com\/wp-content\/uploads\/2022\/11\/btt-768x512.jpg 768w, https:\/\/lapalmaoutdoor.com\/wp-content\/uploads\/2022\/11\/btt-1536x1024.jpg 1536w, https:\/\/lapalmaoutdoor.com\/wp-content\/uploads\/2022\/11\/btt-600x400.jpg 600w\" sizes=\"auto, (max-width: 2048px) 100vw, 2048px\" \/><\/p>\n","protected":false},"excerpt":{"rendered":"<p>La Palma, auch bekannt als \u201eisla bonita\u201c (\u201esch\u00f6ne Insel\u201c), zeichnet sich durch ihre landschaftliche Vielfalt voller Kontraste aus: von tropischen Lorbeerw\u00e4ldern, ausgedehnten Lavalandschaften,\u00a0gem\u00fctlichen schwarzen Sandstr\u00e4nden, nat\u00fcrlichen Pools mit kristallklarem Wasser und einem Himmel, der ideal ist f\u00fcr Sternenbeobachtungen. Diese Vielfalt wird alle Ihre Sinne ber\u00fchren. Lernen Sie La Palma kennen: Durch\u00a0Wanderungen\u00a0f\u00fcr Gruppen. Vom\u00a0Fahrrad\u00a0mit Etappen f\u00fcr [&hellip;]<\/p>\n","protected":false},"author":1,"featured_media":0,"parent":0,"menu_order":0,"comment_status":"closed","ping_status":"closed","template":"","meta":{"footnotes":""},"class_list":["post-594","page","type-page","status-publish","hentry"],"rttpg_featured_image_url":null,"rttpg_author":{"display_name":"La Palma Outdoor","author_link":"https:\/\/lapalmaoutdoor.com\/de\/author\/isa\/"},"rttpg_comment":0,"rttpg_category":" <a href=\"https:\/\/lapalmaoutdoor.com\/de\/?taxonomy=translation_priority&#038;term=optional-de\" rel=\"tag\">Optional<\/a>","rttpg_excerpt":"La Palma, auch bekannt als \u201eisla bonita\u201c (\u201esch\u00f6ne Insel\u201c), zeichnet sich durch ihre landschaftliche Vielfalt voller Kontraste aus: von tropischen Lorbeerw\u00e4ldern, ausgedehnten Lavalandschaften,\u00a0gem\u00fctlichen schwarzen Sandstr\u00e4nden, nat\u00fcrlichen Pools mit kristallklarem Wasser und einem Himmel, der ideal ist f\u00fcr Sternenbeobachtungen. Diese Vielfalt wird alle Ihre Sinne ber\u00fchren. Lernen Sie La Palma kennen: Durch\u00a0Wanderungen\u00a0f\u00fcr Gruppen. Vom\u00a0Fahrrad\u00a0mit Etappen f\u00fcr&hellip;","_links":{"self":[{"href":"https:\/\/lapalmaoutdoor.com\/de\/wp-json\/wp\/v2\/pages\/594","targetHints":{"allow":["GET"]}}],"collection":[{"href":"https:\/\/lapalmaoutdoor.com\/de\/wp-json\/wp\/v2\/pages"}],"about":[{"href":"https:\/\/lapalmaoutdoor.com\/de\/wp-json\/wp\/v2\/types\/page"}],"author":[{"embeddable":true,"href":"https:\/\/lapalmaoutdoor.com\/de\/wp-json\/wp\/v2\/users\/1"}],"replies":[{"embeddable":true,"href":"https:\/\/lapalmaoutdoor.com\/de\/wp-json\/wp\/v2\/comments?post=594"}],"version-history":[{"count":4,"href":"https:\/\/lapalmaoutdoor.com\/de\/wp-json\/wp\/v2\/pages\/594\/revisions"}],"predecessor-version":[{"id":738,"href":"https:\/\/lapalmaoutdoor.com\/de\/wp-json\/wp\/v2\/pages\/594\/revisions\/738"}],"wp:attachment":[{"href":"https:\/\/lapalmaoutdoor.com\/de\/wp-json\/wp\/v2\/media?parent=594"}],"curies":[{"name":"wp","href":"https:\/\/api.w.org\/{rel}","templated":true}]}}