{"id":1207,"date":"2023-02-02T12:37:02","date_gmt":"2023-02-02T12:37:02","guid":{"rendered":"https:\/\/lapalmaoutdoor.com\/solicitud-actividad\/"},"modified":"2023-07-03T12:00:32","modified_gmt":"2023-07-03T12:00:32","slug":"aktivitaetsanfrage","status":"publish","type":"page","link":"https:\/\/lapalmaoutdoor.com\/de\/aktivitaetsanfrage\/","title":{"rendered":"Aktivit\u00e4tsanfrage"},"content":{"rendered":"<h4><strong>Wenn Sie an einer unserer Touren teilnehmen m\u00f6chten und feststellen, dass das Kontingent ausgesch\u00f6pft ist oder die Tour an einem Tag stattfindet, der Ihren Bed\u00fcrfnissen nicht entspricht, laden wir Sie ein, das folgende Formular auszuf\u00fcllen und Ihre Bed\u00fcrfnisse anzugeben. Unser professionelles Team wird sich so schnell wie m\u00f6glich mit Ihnen in Verbindung setzen, um Ihnen eine L\u00f6sung anzubieten, die Ihren Anforderungen entspricht.<\/strong><\/h4>\n<p>&nbsp;<\/p>\n<p class=\"wpcf7-contact-form-not-found\"><strong>Fehler:<\/strong> Kontaktformular wurde nicht gefunden.<\/p>\n<p><strong>\n<div class=\"argpd-informar\">\n\t<p class=\"argpd-informar-title\">Informaci\u00f3n b\u00e1sica sobre protecci\u00f3n de datos <span class=\"argpd-mas\">Ver m\u00e1s<\/span><\/p>\n\t<ul>\n\t\t<li>\n\t\t\t<b>Responsable:<\/b>&nbsp;ENRIQUE VI\u00d1A P\u00c9REZ.\n\t\t<\/li>\n\t\t<li><b>Finalidad:<\/b>&nbsp;\n\t\t\t\n\t\t\t\t\n\t\t\t\t\n\t\t<\/li>\n\t\t<li><b>Legitimaci\u00f3n:<\/b>&nbsp;\n\t\t\t\n\t\t\t\tPor consentimiento del interesado.<\/li>\n\n\t\t<li><b>Destinatarios y encargados de tratamiento:<\/b>&nbsp;\n\n\t\t\t\tNo se ceden o comunican datos a terceros para prestar este servicio.\n\t\t\t\t\tEl Titular ha contratado los servicios de alojamiento web a Arsys que act\u00faa como encargado de tratamiento.\n\t\t<\/li>\n\t\t<li>\n\t\t\t<b>Derechos:<\/b>&nbsp;Acceder, rectificar y suprimir los datos.\n\t\t<\/li>\n\t\t<li>\n\t\t\t<b>Informaci\u00f3n Adicional:<\/b>&nbsp;Puede consultar la informaci\u00f3n detallada en la <a target=\"_noblank\" href=\"https:\/\/lapalmaoutdoor.com\/politica-de-privacidad\/\">Pol\u00edtica de Privacidad<\/a>.<\/li>\n\t<\/ul>\n<\/div>\n<\/strong><\/p>\n","protected":false},"excerpt":{"rendered":"<p>Wenn Sie an einer unserer Touren teilnehmen m\u00f6chten und feststellen, dass das Kontingent ausgesch\u00f6pft ist oder die Tour an einem Tag stattfindet, der Ihren Bed\u00fcrfnissen nicht entspricht, laden wir Sie ein, das folgende Formular auszuf\u00fcllen und Ihre Bed\u00fcrfnisse anzugeben. Unser professionelles Team wird sich so schnell wie m\u00f6glich mit Ihnen in Verbindung setzen, um Ihnen [&hellip;]<\/p>\n","protected":false},"author":1,"featured_media":0,"parent":0,"menu_order":0,"comment_status":"closed","ping_status":"closed","template":"","meta":{"footnotes":""},"class_list":["post-1207","page","type-page","status-publish","hentry"],"rttpg_featured_image_url":null,"rttpg_author":{"display_name":"La Palma Outdoor","author_link":"https:\/\/lapalmaoutdoor.com\/de\/author\/isa\/"},"rttpg_comment":0,"rttpg_category":" <a href=\"https:\/\/lapalmaoutdoor.com\/de\/?taxonomy=translation_priority&#038;term=optional-de\" rel=\"tag\">Optional<\/a>","rttpg_excerpt":"Wenn Sie an einer unserer Touren teilnehmen m\u00f6chten und feststellen, dass das Kontingent ausgesch\u00f6pft ist oder die Tour an einem Tag stattfindet, der Ihren Bed\u00fcrfnissen nicht entspricht, laden wir Sie ein, das folgende Formular auszuf\u00fcllen und Ihre Bed\u00fcrfnisse anzugeben. Unser professionelles Team wird sich so schnell wie m\u00f6glich mit Ihnen in Verbindung setzen, um Ihnen&hellip;","_links":{"self":[{"href":"https:\/\/lapalmaoutdoor.com\/de\/wp-json\/wp\/v2\/pages\/1207","targetHints":{"allow":["GET"]}}],"collection":[{"href":"https:\/\/lapalmaoutdoor.com\/de\/wp-json\/wp\/v2\/pages"}],"about":[{"href":"https:\/\/lapalmaoutdoor.com\/de\/wp-json\/wp\/v2\/types\/page"}],"author":[{"embeddable":true,"href":"https:\/\/lapalmaoutdoor.com\/de\/wp-json\/wp\/v2\/users\/1"}],"replies":[{"embeddable":true,"href":"https:\/\/lapalmaoutdoor.com\/de\/wp-json\/wp\/v2\/comments?post=1207"}],"version-history":[{"count":1,"href":"https:\/\/lapalmaoutdoor.com\/de\/wp-json\/wp\/v2\/pages\/1207\/revisions"}],"predecessor-version":[{"id":1212,"href":"https:\/\/lapalmaoutdoor.com\/de\/wp-json\/wp\/v2\/pages\/1207\/revisions\/1212"}],"wp:attachment":[{"href":"https:\/\/lapalmaoutdoor.com\/de\/wp-json\/wp\/v2\/media?parent=1207"}],"curies":[{"name":"wp","href":"https:\/\/api.w.org\/{rel}","templated":true}]}}